{"id":1337,"date":"2020-08-25T04:46:25","date_gmt":"2020-08-25T04:46:25","guid":{"rendered":"https:\/\/cetaracentro.com\/index.php\/services\/"},"modified":"2023-03-19T15:02:17","modified_gmt":"2023-03-19T15:02:17","slug":"services","status":"publish","type":"page","link":"https:\/\/cetaracentro.com\/index.php\/services\/","title":{"rendered":"Services"},"content":{"rendered":"\n<div class=\"wp-block-uagb-container uagb-block-2bdb24eb alignfull uagb-is-root-container\"><div class=\"uagb-container-inner-blocks-wrap\">\n<div class=\"wp-block-uagb-advanced-heading uagb-block-1ece20cb\"><h1 class=\"uagb-heading-text\">Servicios<\/h1><\/div>\n<\/div><\/div>\n\n\n\n<div class=\"wp-block-uagb-container uagb-block-42bd8cf0 alignfull uagb-is-root-container\"><div class=\"uagb-container-inner-blocks-wrap\">\n<div class=\"wp-block-uagb-container uagb-block-5cc4889f alignfull uagb-is-root-container\"><div class=\"uagb-container-inner-blocks-wrap\">\n<div class=\"wp-block-uagb-container uagb-block-7f7a5139\">\n<div class=\"wp-block-uagb-image uagb-block-d41bcfc6 wp-block-uagb-image--layout-default wp-block-uagb-image--effect-static wp-block-uagb-image--align-none\"><figure class=\"wp-block-uagb-image__figure\"><img decoding=\"async\" srcset=\"https:\/\/cetaracentro.com\/wp-content\/uploads\/2023\/03\/crazy.jpg , https:\/\/cetaracentro.com\/wp-content\/uploads\/2020\/07\/services-01-free-img.jpg 360w\" src=\"https:\/\/cetaracentro.com\/wp-content\/uploads\/2023\/03\/crazy.jpg\" alt=\"\" class=\"uag-image-1455\" width=\"NaN\" height=\"NaN\" title=\"\" loading=\"lazy\"\/><\/figure><\/div>\n<\/div>\n\n\n\n<div class=\"wp-block-uagb-container uagb-block-552108ba\">\n<div class=\"wp-block-uagb-info-box uagb-block-28b43a39 uagb-infobox__content-wrap  uagb-infobox-icon-above-title uagb-infobox-image-valign-top\"><div class=\"uagb-ifb-content\"><div class=\"uagb-ifb-icon-wrap\"><svg xmlns=\"https:\/\/www.w3.org\/2000\/svg\" viewBox=\"0 0 448 512\"><path d=\"M224 304c70.75 0 128-57.25 128-128V65.88c0-13.38-8.25-25.38-20.75-30L246.5 4.125C239.3 1.375 231.6 0 224 0S208.8 1.375 201.5 4.125L116.8 35.88C104.3 40.5 96 52.5 96 65.88V176C96 246.8 153.3 304 224 304zM184 71.63c0-2.75 2.25-5 5-5h21.62V45c0-2.75 2.25-5 5-5h16.75c2.75 0 5 2.25 5 5v21.62H259c2.75 0 5 2.25 5 5v16.75c0 2.75-2.25 5-5 5h-21.62V115c0 2.75-2.25 5-5 5H215.6c-2.75 0-5-2.25-5-5V93.38H189c-2.75 0-5-2.25-5-5V71.63zM144 160h160v16C304 220.1 268.1 256 224 256S144 220.1 144 176V160zM327.2 312.8L224 416L120.8 312.8c-69.93 22.3-120.8 87.25-120.8 164.6C.0006 496.5 15.52 512 34.66 512H413.3c19.14 0 34.66-15.46 34.66-34.61C447.1 400.1 397.1 335.1 327.2 312.8z\"><\/path><\/svg><\/div><div class=\"uagb-ifb-title-wrap\"><h2 class=\"uagb-ifb-title\">DIAGN\u00d3STICO<\/h2><\/div><p class=\"uagb-ifb-desc\"><strong>Un personal preparado y servicial en todo el proceso de rehabilitaci\u00f3n<\/strong><\/p><\/div><\/div>\n\n\n\n<div class=\"wp-block-uagb-advanced-heading uagb-block-462c9fd0\"><p class=\"uagb-heading-text\">Diagnosticar una adicci\u00f3n a las drogas requiere de un proceso de investigaci\u00f3n minucioso y, a menudo, consta de una evaluaci\u00f3n a cargo de un psiquiatra, un psic\u00f3logo o un asesor autorizado en abuso de sustancias, as\u00ed como otros ex\u00e1menes.<\/p><\/div>\n<\/div>\n<\/div><\/div>\n\n\n\n<div class=\"wp-block-uagb-container uagb-block-0e87a738 alignfull uagb-is-root-container\"><div class=\"uagb-container-inner-blocks-wrap\">\n<div class=\"wp-block-uagb-container uagb-block-53bec2bd\">\n<div class=\"wp-block-uagb-info-box uagb-block-ace79ad8 uagb-infobox__content-wrap  uagb-infobox-icon-above-title uagb-infobox-image-valign-top\"><div class=\"uagb-ifb-content\"><div class=\"uagb-ifb-icon-wrap\"><svg xmlns=\"https:\/\/www.w3.org\/2000\/svg\" viewBox=\"0 0 640 512\"><path d=\"M192 48C192 21.49 213.5 0 240 0H400C426.5 0 448 21.49 448 48V512H368V432C368 405.5 346.5 384 320 384C293.5 384 272 405.5 272 432V512H192V48zM312 64C303.2 64 296 71.16 296 80V104H272C263.2 104 256 111.2 256 120V136C256 144.8 263.2 152 272 152H296V176C296 184.8 303.2 192 312 192H328C336.8 192 344 184.8 344 176V152H368C376.8 152 384 144.8 384 136V120C384 111.2 376.8 104 368 104H344V80C344 71.16 336.8 64 328 64H312zM160 96V512H48C21.49 512 0 490.5 0 464V320H80C88.84 320 96 312.8 96 304C96 295.2 88.84 288 80 288H0V224H80C88.84 224 96 216.8 96 208C96 199.2 88.84 192 80 192H0V144C0 117.5 21.49 96 48 96H160zM592 96C618.5 96 640 117.5 640 144V192H560C551.2 192 544 199.2 544 208C544 216.8 551.2 224 560 224H640V288H560C551.2 288 544 295.2 544 304C544 312.8 551.2 320 560 320H640V464C640 490.5 618.5 512 592 512H480V96H592z\"><\/path><\/svg><\/div><div class=\"uagb-ifb-title-wrap\"><h2 class=\"uagb-ifb-title\">ATENCI\u00d3N MEDICA Y TRATAMIENTO<\/h2><\/div><p class=\"uagb-ifb-desc\"><strong>La adicci\u00f3n se puede tratar, no es un proceso simple, requiere apoyo m\u00e9dico y de los seres amados.<\/strong><\/p><\/div><\/div>\n\n\n\n<div class=\"wp-block-uagb-advanced-heading uagb-block-a37cfca0\"><p class=\"uagb-heading-text\">Al ser una enfermedad cr\u00f3nica el paciente no puede dejar de consumir de un d\u00eda para otro. La mayor\u00eda de los casos requiere de meses de tratamiento, ya que habitualmente son adicciones de larga duraci\u00f3n, as\u00ed como el apoyo de la familia.<\/p><\/div>\n<\/div>\n\n\n\n<div class=\"wp-block-uagb-container uagb-block-4552b42a\">\n<div class=\"wp-block-uagb-image uagb-block-8917c2c3 wp-block-uagb-image--layout-default wp-block-uagb-image--effect-static wp-block-uagb-image--align-none\"><figure class=\"wp-block-uagb-image__figure\"><img decoding=\"async\" srcset=\"https:\/\/cetaracentro.com\/wp-content\/uploads\/2023\/03\/instalacion1-scaled.jpg , https:\/\/cetaracentro.com\/wp-content\/uploads\/2020\/07\/services-02-free-img.jpg 360w\" src=\"https:\/\/cetaracentro.com\/wp-content\/uploads\/2023\/03\/instalacion1-scaled.jpg\" alt=\"\" class=\"uag-image-1458\" width=\"NaN\" height=\"NaN\" title=\"\" loading=\"lazy\"\/><\/figure><\/div>\n<\/div>\n<\/div><\/div>\n\n\n\n<div class=\"wp-block-uagb-container uagb-block-f96c2f80 alignfull uagb-is-root-container\"><div class=\"uagb-container-inner-blocks-wrap\">\n<div class=\"wp-block-uagb-container uagb-block-2104e7b4\">\n<div class=\"wp-block-uagb-image uagb-block-cea19f24 wp-block-uagb-image--layout-default wp-block-uagb-image--effect-static wp-block-uagb-image--align-none\"><figure class=\"wp-block-uagb-image__figure\"><img decoding=\"async\" srcset=\"https:\/\/cetaracentro.com\/wp-content\/uploads\/2023\/03\/reclutment.jpg , https:\/\/cetaracentro.com\/wp-content\/uploads\/2020\/07\/services-04-free-img.jpg 360w\" src=\"https:\/\/cetaracentro.com\/wp-content\/uploads\/2023\/03\/reclutment.jpg\" alt=\"\" class=\"uag-image-1460\" width=\"\" height=\"\" title=\"\" loading=\"lazy\"\/><\/figure><\/div>\n<\/div>\n\n\n\n<div class=\"wp-block-uagb-container uagb-block-cf50c89e\">\n<div class=\"wp-block-uagb-info-box uagb-block-54c52dab uagb-infobox__content-wrap  uagb-infobox-icon-above-title uagb-infobox-image-valign-top\"><div class=\"uagb-ifb-content\"><div class=\"uagb-ifb-icon-wrap\"><svg xmlns=\"https:\/\/www.w3.org\/2000\/svg\" viewBox=\"0 0 576 512\"><path d=\"M112 32C50.12 32 0 82.12 0 143.1v223.1c0 61.88 50.12 111.1 112 111.1s112-50.12 112-111.1V143.1C224 82.12 173.9 32 112 32zM160 256H64V144c0-26.5 21.5-48 48-48s48 21.5 48 48V256zM299.8 226.2c-3.5-3.5-9.5-3-12.38 .875c-45.25 62.5-40.38 150.1 15.88 206.4c56.38 56.25 144 61.25 206.5 15.88c4-2.875 4.249-8.75 .75-12.25L299.8 226.2zM529.5 207.2c-56.25-56.25-143.9-61.13-206.4-15.87c-4 2.875-4.375 8.875-.875 12.38l210.9 210.7c3.5 3.5 9.375 3.125 12.25-.75C590.8 351.1 585.9 263.6 529.5 207.2z\"><\/path><\/svg><\/div><div class=\"uagb-ifb-title-wrap\"><h2 class=\"uagb-ifb-title\">INTERNAMIENTO<\/h2><\/div><p class=\"uagb-ifb-desc\"><strong>Nuestro sistema de internamiento es privado, y nuestra alimentaci\u00f3n saludable y de confianza<\/strong><strong>.<\/strong><\/p><\/div><\/div>\n\n\n\n<div class=\"wp-block-uagb-advanced-heading uagb-block-ab36f16f\"><p class=\"uagb-heading-text\">El Consumo de sustancia perjudica al organismo y causa cambios negativos en el estilo de vida, como una alimentaci\u00f3n irregular y una dieta deficiente. Por lo tanto, una nutrici\u00f3n adecuada ayuda al proceso de sanaci\u00f3n.<\/p><\/div>\n<\/div>\n<\/div><\/div>\n\n\n\n<div class=\"wp-block-uagb-container uagb-block-034f436a alignfull uagb-is-root-container\"><div class=\"uagb-container-inner-blocks-wrap\">\n<div class=\"wp-block-uagb-container uagb-block-2a49c69c\">\n<div class=\"wp-block-uagb-info-box uagb-block-5d7e40f0 uagb-infobox__content-wrap  uagb-infobox-icon-above-title uagb-infobox-image-valign-top\"><div class=\"uagb-ifb-content\"><div class=\"uagb-ifb-icon-wrap\"><svg xmlns=\"https:\/\/www.w3.org\/2000\/svg\" viewBox=\"0 0 512 512\"><path d=\"M256 31.1c-141.4 0-255.1 93.09-255.1 208c0 49.59 21.38 94.1 56.97 130.7c-12.5 50.39-54.31 95.3-54.81 95.8C0 468.8-.5938 472.2 .6875 475.2c1.312 3 4.125 4.797 7.312 4.797c66.31 0 116-31.8 140.6-51.41c32.72 12.31 69.01 19.41 107.4 19.41C397.4 447.1 512 354.9 512 239.1S397.4 31.1 256 31.1zM368 266c0 8.836-7.164 16-16 16h-54V336c0 8.836-7.164 16-16 16h-52c-8.836 0-16-7.164-16-16V282H160c-8.836 0-16-7.164-16-16V214c0-8.838 7.164-16 16-16h53.1V144c0-8.838 7.164-16 16-16h52c8.836 0 16 7.162 16 16v54H352c8.836 0 16 7.162 16 16V266z\"><\/path><\/svg><\/div><div class=\"uagb-ifb-title-wrap\"><h2 class=\"uagb-ifb-title\">Consejer\u00eda y Psicolog\u00eda<\/h2><\/div><p class=\"uagb-ifb-desc\"><strong>Cada parte del tratamiento es importante, la psicolog\u00eda y consejeria son esenciales.<\/strong><\/p><\/div><\/div>\n\n\n\n<div class=\"wp-block-uagb-advanced-heading uagb-block-ae142b60\"><p class=\"uagb-heading-text\">Todos nuestros programas ofrecen sesiones de terapia familiar, individual y grupal.<br>Nos enfocamos en comprender la naturaleza de la adicci\u00f3n, en el proceso de dejar el consumo y prevenir reca\u00eddas.<\/p><\/div>\n<\/div>\n\n\n\n<div class=\"wp-block-uagb-container uagb-block-e284d1ca\">\n<div class=\"wp-block-uagb-image uagb-block-a09acef1 wp-block-uagb-image--layout-default wp-block-uagb-image--effect-static wp-block-uagb-image--align-none\"><figure class=\"wp-block-uagb-image__figure\"><img decoding=\"async\" srcset=\"https:\/\/cetaracentro.com\/wp-content\/uploads\/2023\/03\/Psichology-e1679236684300.jpg , https:\/\/cetaracentro.com\/wp-content\/uploads\/2020\/07\/services-03-free-img.jpg 360w\" src=\"https:\/\/cetaracentro.com\/wp-content\/uploads\/2023\/03\/Psichology-e1679236684300.jpg\" alt=\"\" class=\"uag-image-1461\" width=\"988\" height=\"790\" title=\"\" loading=\"lazy\"\/><\/figure><\/div>\n<\/div>\n<\/div><\/div>\n<\/div><\/div>\n","protected":false},"excerpt":{"rendered":"","protected":false},"author":1,"featured_media":0,"parent":0,"menu_order":0,"comment_status":"closed","ping_status":"closed","template":"","meta":{"_uag_custom_page_level_css":"","site-sidebar-layout":"default","site-content-layout":"plain-container","ast-global-header-display":"","ast-main-header-display":"","ast-hfb-above-header-display":"","ast-hfb-below-header-display":"","ast-hfb-mobile-header-display":"","site-post-title":"disabled","ast-breadcrumbs-content":"","ast-featured-img":"","footer-sml-layout":"","theme-transparent-header-meta":"enabled","adv-header-id-meta":"","stick-header-meta":"","header-above-stick-meta":"","header-main-stick-meta":"","header-below-stick-meta":"","footnotes":""},"class_list":["post-1337","page","type-page","status-publish","hentry"],"uagb_featured_image_src":{"full":false,"thumbnail":false,"medium":false,"medium_large":false,"large":false,"1536x1536":false,"2048x2048":false},"uagb_author_info":{"display_name":"JmJackson","author_link":"https:\/\/cetaracentro.com\/index.php\/author\/jmjackson\/"},"uagb_comment_info":0,"uagb_excerpt":null,"_links":{"self":[{"href":"https:\/\/cetaracentro.com\/index.php\/wp-json\/wp\/v2\/pages\/1337","targetHints":{"allow":["GET"]}}],"collection":[{"href":"https:\/\/cetaracentro.com\/index.php\/wp-json\/wp\/v2\/pages"}],"about":[{"href":"https:\/\/cetaracentro.com\/index.php\/wp-json\/wp\/v2\/types\/page"}],"author":[{"embeddable":true,"href":"https:\/\/cetaracentro.com\/index.php\/wp-json\/wp\/v2\/users\/1"}],"replies":[{"embeddable":true,"href":"https:\/\/cetaracentro.com\/index.php\/wp-json\/wp\/v2\/comments?post=1337"}],"version-history":[{"count":19,"href":"https:\/\/cetaracentro.com\/index.php\/wp-json\/wp\/v2\/pages\/1337\/revisions"}],"predecessor-version":[{"id":1474,"href":"https:\/\/cetaracentro.com\/index.php\/wp-json\/wp\/v2\/pages\/1337\/revisions\/1474"}],"wp:attachment":[{"href":"https:\/\/cetaracentro.com\/index.php\/wp-json\/wp\/v2\/media?parent=1337"}],"curies":[{"name":"wp","href":"https:\/\/api.w.org\/{rel}","templated":true}]}}