{"id":1336,"date":"2020-08-25T04:45:22","date_gmt":"2020-08-25T04:45:22","guid":{"rendered":"https:\/\/cetaracentro.com\/index.php\/about\/"},"modified":"2023-03-19T14:23:09","modified_gmt":"2023-03-19T14:23:09","slug":"about","status":"publish","type":"page","link":"https:\/\/cetaracentro.com\/index.php\/about\/","title":{"rendered":"About"},"content":{"rendered":"\n<div class=\"wp-block-uagb-container uagb-block-a9f6229a alignfull uagb-is-root-container\"><div class=\"uagb-container-inner-blocks-wrap\">\n<div class=\"wp-block-uagb-advanced-heading uagb-block-b632324e\"><h1 class=\"uagb-heading-text\">Acerca de<\/h1><\/div>\n<\/div><\/div>\n\n\n\n<div class=\"wp-block-uagb-container uagb-block-5ed04ea0 alignfull uagb-is-root-container\"><div class=\"uagb-container-inner-blocks-wrap\">\n<div class=\"wp-block-uagb-container uagb-block-a910c707\">\n<div class=\"wp-block-uagb-advanced-heading uagb-block-5b408af3\"><h6 class=\"uagb-heading-text\">Un Poco De Nosotros<\/h6><\/div>\n\n\n\n<div class=\"wp-block-uagb-advanced-heading uagb-block-a9d35a4d\"><h2 class=\"uagb-heading-text\">Acerca de<\/h2><\/div>\n\n\n\n<div class=\"wp-block-uagb-advanced-heading uagb-block-bb4f7fc0\"><p class=\"uagb-heading-text\">Nos esforzamos para que cada miembro de la familia CETARA adquiera los valores que le ayudan a realizar un cambio mental, emocional y f\u00edsico ante los crecientes desaf\u00edos de las adicciones.<br>Nuestra Visi\u00f3n como Asociaci\u00f3n Civil es que cada individuo tenga un verdadero cambio de vida, y que pueda renunciar a toda adicci\u00f3n, siendo un ejemplo ante la sociedad<\/p><\/div>\n\n\n\n<div class=\"wp-block-uagb-advanced-heading uagb-block-22857b02\"><h6 class=\"uagb-heading-text\">CETARA A.C.<\/h6><\/div>\n<\/div>\n\n\n\n<div class=\"wp-block-uagb-container uagb-block-28e00bad\"><\/div>\n<\/div><\/div>\n\n\n\n<div class=\"wp-block-uagb-container uagb-block-ab12fe7e alignfull uagb-is-root-container\"><div class=\"uagb-container-inner-blocks-wrap\">\n<div class=\"wp-block-uagb-container uagb-block-cbbd05e8\">\n<div class=\"wp-block-uagb-advanced-heading uagb-block-758f8f9c\"><h6 class=\"uagb-heading-text\">\u00bfPor qu\u00e9 elegirnos?<\/h6><\/div>\n\n\n\n<div class=\"wp-block-uagb-advanced-heading uagb-block-e837512e\"><h2 class=\"uagb-heading-text\">No hay dos casos iguales.<\/h2><\/div>\n\n\n\n<div class=\"wp-block-uagb-container uagb-block-3f52fe95\">\n<div class=\"wp-block-uagb-advanced-heading uagb-block-ea7a4bcc\"><p class=\"uagb-desc-text\">En CETARA particularmente, disponemos de un equipo de profesionales cualificado y experimentados para tratar cualquier caso, ofreciendo un constante seguimiento en todo el proceso.<\/p><\/div>\n\n\n\n<div class=\"wp-block-uagb-advanced-heading uagb-block-8145c42d\"><p class=\"uagb-desc-text\">Absolutamente todos los tratamientos son personalizados ya que creemos que no existen dos casos iguales, lo que hace que cada paciente se sienta en el entorno familiar.<\/p><\/div>\n<\/div>\n<\/div>\n\n\n\n<div class=\"wp-block-uagb-container uagb-block-c9d72980\">\n<div class=\"wp-block-uagb-container uagb-block-cb28a4d8 alignfull uagb-is-root-container\"><div class=\"uagb-container-inner-blocks-wrap\">\n<div class=\"wp-block-uagb-advanced-heading uagb-block-40890078\"><h6 class=\"uagb-heading-text\">Certificaci\u00f3n<\/h6><\/div>\n\n\n\n<div class=\"wp-block-uagb-advanced-heading uagb-block-ca01bf9c\"><h5 class=\"uagb-heading-text\">Estamos Certificados en consejer\u00eda en adicciones ante la CONOCER y la CONADIC<\/h5><div class=\"uagb-separator\"><\/div><\/div>\n<\/div><\/div>\n<\/div>\n<\/div><\/div>\n\n\n\n<div class=\"wp-block-uagb-container uagb-block-a5ed8293 alignfull uagb-is-root-container\"><div class=\"uagb-container-inner-blocks-wrap\">\n<div class=\"wp-block-uagb-container uagb-block-e5a90065 alignfull uagb-is-root-container\"><div class=\"uagb-container-inner-blocks-wrap\">\n<div class=\"wp-block-uagb-container uagb-block-09704e93\">\n<div class=\"wp-block-uagb-advanced-heading uagb-block-f154f14c\"><h6 class=\"uagb-heading-text\">Un Gran Equipo<\/h6><\/div>\n\n\n\n<div class=\"wp-block-uagb-advanced-heading uagb-block-add0835b\"><h5 class=\"uagb-heading-text\">Nuestro Equipo, trabaja arduamente para garantizar la recuperaci\u00f3n de cada paciente en forma efectiva. <\/h5><div class=\"uagb-separator\"><\/div><\/div>\n<\/div>\n\n\n\n<div class=\"wp-block-uagb-container uagb-block-a2ac7b6a\">\n<div class=\"wp-block-uagb-advanced-heading uagb-block-e6534635\"><h6 class=\"uagb-heading-text\">Seguridad<\/h6><\/div>\n\n\n\n<div class=\"wp-block-uagb-advanced-heading uagb-block-e6175584\"><h5 class=\"uagb-heading-text\">No solo ofrecemos seguridad en nuestros pacientes, sino una gran confianza, respeto y apoyo a sus familias. <\/h5><div class=\"uagb-separator\"><\/div><\/div>\n<\/div>\n\n\n\n<div class=\"wp-block-uagb-container uagb-block-15e2e02a\">\n<div class=\"wp-block-uagb-advanced-heading uagb-block-acdab516\"><h6 class=\"uagb-heading-text\">Experiencia<\/h6><\/div>\n\n\n\n<div class=\"wp-block-uagb-advanced-heading uagb-block-632e2d66\"><h5 class=\"uagb-heading-text\">En CETARA A.C. contamos con personal con una gran experiencia en la lucha contra las adicciones.<\/h5><div class=\"uagb-separator\"><\/div><\/div>\n<\/div>\n\n\n\n<div class=\"wp-block-uagb-container uagb-block-40413fb0\">\n<div class=\"wp-block-uagb-advanced-heading uagb-block-03f3e6b4\"><h6 class=\"uagb-heading-text\">Actividades<\/h6><\/div>\n\n\n\n<div class=\"wp-block-uagb-advanced-heading uagb-block-c5518f31\"><h5 class=\"uagb-heading-text\">Contamos con m\u00faltiples actividades que se desarrollan en el proceso de rehabilitaci\u00f3n, en grupos o individuales.<\/h5><div class=\"uagb-separator\"><\/div><\/div>\n<\/div>\n<\/div><\/div>\n\n\n\n<div class=\"wp-block-uagb-container uagb-block-1ad9194e alignfull uagb-is-root-container\"><div class=\"uagb-container-inner-blocks-wrap\">\n<div class=\"wp-block-uagb-advanced-heading uagb-block-5102c25d\"><h6 class=\"uagb-heading-text\">Un Gran Equipo<\/h6><\/div>\n\n\n\n<div class=\"wp-block-uagb-advanced-heading uagb-block-7ddacf7e\"><h2 class=\"uagb-heading-text\">Nuestro Compromiso<\/h2><\/div>\n\n\n\n<div class=\"wp-block-uagb-advanced-heading uagb-block-c6ea88fc\"><h3 class=\"uagb-heading-text\">Somos un gran equipo que ayuda por amor, y eso nos hace especial. <\/h3><\/div>\n\n\n\n<div class=\"wp-block-uagb-container uagb-block-86990854\">\n<div class=\"wp-block-uagb-advanced-heading uagb-block-b3c56daf\"><p class=\"uagb-desc-text\">Queremos asegurarnos de que las personas se sientan c\u00f3modas y bienvenidas en nuestro centro, y no se sientan juzgadas por sus experiencias. Nuestro equipo hace de cada persona tenga un trato digno y de respeto, adem\u00e1s de que cada caso es diferente para nosotros, por lo que cada proceso de recuperaci\u00f3n es personalizado.<\/p><\/div>\n\n\n\n<div class=\"wp-block-uagb-advanced-heading uagb-block-b4e7d95f\"><p class=\"uagb-desc-text\">Tenemos el honor de trabajar en el \u00e1rea de consejer\u00eda, terapias, tratamientos ambulatorios y m\u00e1s, porque reconocemos la importancia de un mosaico de perspectivas de personas que ha visto de primera mano los peligros y las luchas de la adicci\u00f3n, y saben lo gratificante que es cruzar el umbral hacia la salud y la recuperaci\u00f3n.<\/p><\/div>\n<\/div>\n<\/div><\/div>\n<\/div><\/div>\n","protected":false},"excerpt":{"rendered":"","protected":false},"author":1,"featured_media":0,"parent":0,"menu_order":0,"comment_status":"closed","ping_status":"closed","template":"","meta":{"_uag_custom_page_level_css":"","site-sidebar-layout":"default","site-content-layout":"plain-container","ast-global-header-display":"","ast-main-header-display":"","ast-hfb-above-header-display":"","ast-hfb-below-header-display":"","ast-hfb-mobile-header-display":"","site-post-title":"disabled","ast-breadcrumbs-content":"","ast-featured-img":"","footer-sml-layout":"","theme-transparent-header-meta":"enabled","adv-header-id-meta":"","stick-header-meta":"","header-above-stick-meta":"","header-main-stick-meta":"","header-below-stick-meta":"","footnotes":""},"class_list":["post-1336","page","type-page","status-publish","hentry"],"uagb_featured_image_src":{"full":false,"thumbnail":false,"medium":false,"medium_large":false,"large":false,"1536x1536":false,"2048x2048":false},"uagb_author_info":{"display_name":"JmJackson","author_link":"https:\/\/cetaracentro.com\/index.php\/author\/jmjackson\/"},"uagb_comment_info":0,"uagb_excerpt":null,"_links":{"self":[{"href":"https:\/\/cetaracentro.com\/index.php\/wp-json\/wp\/v2\/pages\/1336","targetHints":{"allow":["GET"]}}],"collection":[{"href":"https:\/\/cetaracentro.com\/index.php\/wp-json\/wp\/v2\/pages"}],"about":[{"href":"https:\/\/cetaracentro.com\/index.php\/wp-json\/wp\/v2\/types\/page"}],"author":[{"embeddable":true,"href":"https:\/\/cetaracentro.com\/index.php\/wp-json\/wp\/v2\/users\/1"}],"replies":[{"embeddable":true,"href":"https:\/\/cetaracentro.com\/index.php\/wp-json\/wp\/v2\/comments?post=1336"}],"version-history":[{"count":25,"href":"https:\/\/cetaracentro.com\/index.php\/wp-json\/wp\/v2\/pages\/1336\/revisions"}],"predecessor-version":[{"id":1454,"href":"https:\/\/cetaracentro.com\/index.php\/wp-json\/wp\/v2\/pages\/1336\/revisions\/1454"}],"wp:attachment":[{"href":"https:\/\/cetaracentro.com\/index.php\/wp-json\/wp\/v2\/media?parent=1336"}],"curies":[{"name":"wp","href":"https:\/\/api.w.org\/{rel}","templated":true}]}}